{"id":179,"date":"2024-09-11T10:06:27","date_gmt":"2024-09-11T08:06:27","guid":{"rendered":"https:\/\/maguel-one-editions.com\/index.php\/les-animaux-de-la-ferme-copy\/"},"modified":"2024-09-11T15:05:42","modified_gmt":"2024-09-11T13:05:42","slug":"les-geants-de-la-prehistoire","status":"publish","type":"page","link":"https:\/\/maguel-one-editions.com\/index.php\/accueil\/les-geants-de-la-prehistoire\/","title":{"rendered":"Les G\u00e9ants de la Pr\u00e9histoire"},"content":{"rendered":"\t\t<div data-elementor-type=\"wp-page\" data-elementor-id=\"179\" class=\"elementor elementor-179\">\n\t\t\t\t<div class=\"elementor-element elementor-element-251c6bcd e-flex e-con-boxed e-con e-parent\" data-id=\"251c6bcd\" data-element_type=\"container\">\n\t\t\t\t\t<div class=\"e-con-inner\">\n\t\t\t\t<div class=\"elementor-element elementor-element-45e72929 elementor-widget elementor-widget-text-editor\" data-id=\"45e72929\" data-element_type=\"widget\" data-widget_type=\"text-editor.default\">\n\t\t\t\t<div class=\"elementor-widget-container\">\n\t\t\t\t\t\t\t<p><!-- wp:paragraph --><\/p>\n<p>Pr\u00eat \u00e0 <strong>remonter le temps<\/strong> et \u00e0 rencontrer les <strong>g\u00e9ants de la pr\u00e9histoire<\/strong> ?<\/p>\n<p>Dans ce livre fascinant, tu d\u00e9couvriras des cr\u00e9atures incroyables comme le <strong>T-Rex, le tric\u00e9ratops<\/strong> et d&#8217;autres animaux pr\u00e9historiques qui ont peupl\u00e9 notre plan\u00e8te.<\/p>\n<p>Pr\u00e9pare-toi \u00e0 \u00eatre <strong>\u00e9merveill\u00e9 par leurs histoires et leurs caract\u00e9ristiques \u00e9tonnantes<\/strong>. Avec des illustrations captivantes et des faits amusants, ce livre te fera vivre une aventure extraordinaire parmi les g\u00e9ants disparus.<\/p>\n<p>Un voyage dans le temps que tu n\u2019es pas pr\u00eat d\u2019oublier !<\/p>\n<p>Gr\u00e2ce aux fiches &#8220;<em>Qui est Qui<\/em>&#8220;, tu deviendras un expert des animaux de la ferme, et avec notre <strong>quiz amusant<\/strong>, tu pourras tester tes connaissances tout en t\u2019amusant.<\/p>\n<p>Et n&#8217;oublie pas de profiter des <strong>extraits audios<\/strong> pour entendre les cris de tes nouveaux amis ! Une fa\u00e7on originale <strong>d&#8217;apprendre en s&#8217;amusant<\/strong>, c&#8217;est parti !<\/p>\n<p><!-- \/wp:image --><!-- wp:buttons {\"layout\":{\"type\":\"flex\",\"justifyContent\":\"center\"}} --><\/p>\n<div class=\"wp-block-buttons\"><!-- wp:button --><\/div>\n<p><!-- \/wp:paragraph --><\/p>\t\t\t\t\t\t<\/div>\n\t\t\t\t<\/div>\n\t\t\t\t<div class=\"elementor-element elementor-element-b6fa582 elementor-widget elementor-widget-text-editor\" data-id=\"b6fa582\" data-element_type=\"widget\" data-widget_type=\"text-editor.default\">\n\t\t\t\t<div class=\"elementor-widget-container\">\n\t\t\t\t\t\t\t<p>Cliquez sur le livre ci-dessous <strong>pour lire un extrait<\/strong>.<\/p>\t\t\t\t\t\t<\/div>\n\t\t\t\t<\/div>\n\t\t\t\t\t<\/div>\n\t\t\t\t<\/div>\n\t\t<div class=\"elementor-element elementor-element-e6093e7 e-flex e-con-boxed e-con e-parent\" data-id=\"e6093e7\" data-element_type=\"container\">\n\t\t\t\t\t<div class=\"e-con-inner\">\n\t\t<div class=\"elementor-element elementor-element-e8ac3f0 e-con-full e-flex e-con e-child\" data-id=\"e8ac3f0\" data-element_type=\"container\">\n\t\t\t\t<div class=\"elementor-element elementor-element-17ef433 elementor-widget elementor-widget-shortcode\" data-id=\"17ef433\" data-element_type=\"widget\" data-widget_type=\"shortcode.default\">\n\t\t\t\t<div class=\"elementor-widget-container\">\n\t\t\t\t\t<div class=\"elementor-shortcode\"><div class=\"_df_thumb \" id=\"df_191\"  _slug=\"\" data-title=\"extrait-les-geants-de-la-prehistoire\" wpoptions=\"true\" thumb=\"http:\/\/maguel-one-editions.com\/wp-content\/uploads\/2024\/09\/4-1.jpg\" thumbtype=\"\" >Extrait Les g\u00e9ants de la Pr\u00e9histoire<\/div><script class=\"df-shortcode-script\" type=\"application\/javascript\">window.option_df_191 = {\"outline\":[],\"autoEnableOutline\":\"false\",\"autoEnableThumbnail\":\"false\",\"overwritePDFOutline\":\"false\",\"direction\":\"1\",\"pageSize\":\"0\",\"pageMode\":\"2\",\"source\":\"http:\\\/\\\/maguel-one-editions.com\\\/wp-content\\\/uploads\\\/2024\\\/09\\\/Les-geants-de-la-prehistoire-3-sans-cad.pdf\",\"wpOptions\":\"true\"}; if(window.DFLIP && window.DFLIP.parseBooks){window.DFLIP.parseBooks();}<\/script><\/div>\n\t\t\t\t<\/div>\n\t\t\t\t<\/div>\n\t\t\t\t<div class=\"elementor-element elementor-element-8136c19 elementor-align-center elementor-widget elementor-widget-button\" data-id=\"8136c19\" data-element_type=\"widget\" data-widget_type=\"button.default\">\n\t\t\t\t<div class=\"elementor-widget-container\">\n\t\t\t\t\t<div class=\"elementor-button-wrapper\">\n\t\t\t<a class=\"elementor-button elementor-button-link elementor-size-sm\" href=\"#\">\n\t\t\t\t\t\t<span class=\"elementor-button-content-wrapper\">\n\t\t\t\t\t\t\t\t\t<span class=\"elementor-button-text\">Acheter le livre<\/span>\n\t\t\t\t\t<\/span>\n\t\t\t\t\t<\/a>\n\t\t<\/div>\n\t\t\t\t<\/div>\n\t\t\t\t<\/div>\n\t\t\t\t<\/div>\n\t\t\t\t\t<\/div>\n\t\t\t\t<\/div>\n\t\t\t\t<\/div>\n\t\t","protected":false},"excerpt":{"rendered":"<p>Pr\u00eat \u00e0 remonter le temps et \u00e0 rencontrer les g\u00e9ants de la pr\u00e9histoire ? Dans ce livre fascinant, tu d\u00e9couvriras des cr\u00e9atures incroyables comme le T-Rex, le tric\u00e9ratops et d&#8217;autres animaux pr\u00e9historiques qui ont peupl\u00e9 notre plan\u00e8te. Pr\u00e9pare-toi \u00e0 \u00eatre \u00e9merveill\u00e9 par leurs histoires et leurs caract\u00e9ristiques \u00e9tonnantes. Avec des illustrations captivantes et des faits &hellip; <\/p>\n<p class=\"link-more\"><a href=\"https:\/\/maguel-one-editions.com\/index.php\/accueil\/les-geants-de-la-prehistoire\/\" class=\"more-link\">Read more<span class=\"screen-reader-text\"> &#8220;Les G\u00e9ants de la Pr\u00e9histoire&#8221;<\/span><\/a><\/p>\n","protected":false},"author":1,"featured_media":65,"parent":63,"menu_order":0,"comment_status":"closed","ping_status":"closed","template":"","meta":{"_glsr_average":0,"_glsr_ranking":0,"_glsr_reviews":0,"footnotes":""},"class_list":["post-179","page","type-page","status-publish","has-post-thumbnail","hentry"],"yoast_head":"<!-- This site is optimized with the Yoast SEO plugin v23.4 - https:\/\/yoast.com\/wordpress\/plugins\/seo\/ -->\n<title>Les G\u00e9ants de la Pr\u00e9histoire - Maguel One Editions<\/title>\n<meta name=\"robots\" content=\"index, follow, max-snippet:-1, max-image-preview:large, max-video-preview:-1\" \/>\n<link rel=\"canonical\" href=\"https:\/\/maguel-one-editions.com\/index.php\/accueil\/les-geants-de-la-prehistoire\/\" \/>\n<meta property=\"og:locale\" content=\"en_US\" \/>\n<meta property=\"og:type\" content=\"article\" \/>\n<meta property=\"og:title\" content=\"Les G\u00e9ants de la Pr\u00e9histoire - Maguel One Editions\" \/>\n<meta property=\"og:description\" content=\"Pr\u00eat \u00e0 remonter le temps et \u00e0 rencontrer les g\u00e9ants de la pr\u00e9histoire ? Dans ce livre fascinant, tu d\u00e9couvriras des cr\u00e9atures incroyables comme le T-Rex, le tric\u00e9ratops et d&#8217;autres animaux pr\u00e9historiques qui ont peupl\u00e9 notre plan\u00e8te. Pr\u00e9pare-toi \u00e0 \u00eatre \u00e9merveill\u00e9 par leurs histoires et leurs caract\u00e9ristiques \u00e9tonnantes. Avec des illustrations captivantes et des faits &hellip; Read more &quot;Les G\u00e9ants de la Pr\u00e9histoire&quot;\" \/>\n<meta property=\"og:url\" content=\"https:\/\/maguel-one-editions.com\/index.php\/accueil\/les-geants-de-la-prehistoire\/\" \/>\n<meta property=\"og:site_name\" content=\"Maguel One Editions\" \/>\n<meta property=\"article:modified_time\" content=\"2024-09-11T13:05:42+00:00\" \/>\n<meta property=\"og:image\" content=\"http:\/\/maguel-one-editions.com\/wp-content\/uploads\/2024\/09\/4-1.jpg\" \/>\n\t<meta property=\"og:image:width\" content=\"1000\" \/>\n\t<meta property=\"og:image:height\" content=\"1000\" \/>\n\t<meta property=\"og:image:type\" content=\"image\/jpeg\" \/>\n<meta name=\"twitter:card\" content=\"summary_large_image\" \/>\n<meta name=\"twitter:label1\" content=\"Est. reading time\" \/>\n\t<meta name=\"twitter:data1\" content=\"1 minute\" \/>\n<script type=\"application\/ld+json\" class=\"yoast-schema-graph\">{\"@context\":\"https:\/\/schema.org\",\"@graph\":[{\"@type\":\"WebPage\",\"@id\":\"https:\/\/maguel-one-editions.com\/index.php\/accueil\/les-geants-de-la-prehistoire\/\",\"url\":\"https:\/\/maguel-one-editions.com\/index.php\/accueil\/les-geants-de-la-prehistoire\/\",\"name\":\"Les G\u00e9ants de la Pr\u00e9histoire - Maguel One Editions\",\"isPartOf\":{\"@id\":\"https:\/\/maguel-one-editions.com\/#website\"},\"primaryImageOfPage\":{\"@id\":\"https:\/\/maguel-one-editions.com\/index.php\/accueil\/les-geants-de-la-prehistoire\/#primaryimage\"},\"image\":{\"@id\":\"https:\/\/maguel-one-editions.com\/index.php\/accueil\/les-geants-de-la-prehistoire\/#primaryimage\"},\"thumbnailUrl\":\"https:\/\/maguel-one-editions.com\/wp-content\/uploads\/2024\/09\/4-1.jpg\",\"datePublished\":\"2024-09-11T08:06:27+00:00\",\"dateModified\":\"2024-09-11T13:05:42+00:00\",\"breadcrumb\":{\"@id\":\"https:\/\/maguel-one-editions.com\/index.php\/accueil\/les-geants-de-la-prehistoire\/#breadcrumb\"},\"inLanguage\":\"en-US\",\"potentialAction\":[{\"@type\":\"ReadAction\",\"target\":[\"https:\/\/maguel-one-editions.com\/index.php\/accueil\/les-geants-de-la-prehistoire\/\"]}]},{\"@type\":\"ImageObject\",\"inLanguage\":\"en-US\",\"@id\":\"https:\/\/maguel-one-editions.com\/index.php\/accueil\/les-geants-de-la-prehistoire\/#primaryimage\",\"url\":\"https:\/\/maguel-one-editions.com\/wp-content\/uploads\/2024\/09\/4-1.jpg\",\"contentUrl\":\"https:\/\/maguel-one-editions.com\/wp-content\/uploads\/2024\/09\/4-1.jpg\",\"width\":1000,\"height\":1000,\"caption\":\"Les g\u00e9ants de la pr\u00e9histoire\"},{\"@type\":\"BreadcrumbList\",\"@id\":\"https:\/\/maguel-one-editions.com\/index.php\/accueil\/les-geants-de-la-prehistoire\/#breadcrumb\",\"itemListElement\":[{\"@type\":\"ListItem\",\"position\":1,\"name\":\"Accueil\",\"item\":\"https:\/\/maguel-one-editions.com\/\"},{\"@type\":\"ListItem\",\"position\":2,\"name\":\"Nos Livres\",\"item\":\"https:\/\/maguel-one-editions.com\/\"},{\"@type\":\"ListItem\",\"position\":3,\"name\":\"Les G\u00e9ants de la Pr\u00e9histoire\"}]},{\"@type\":\"WebSite\",\"@id\":\"https:\/\/maguel-one-editions.com\/#website\",\"url\":\"https:\/\/maguel-one-editions.com\/\",\"name\":\"Maguel One Editions\",\"description\":\"\",\"publisher\":{\"@id\":\"https:\/\/maguel-one-editions.com\/#organization\"},\"potentialAction\":[{\"@type\":\"SearchAction\",\"target\":{\"@type\":\"EntryPoint\",\"urlTemplate\":\"https:\/\/maguel-one-editions.com\/?s={search_term_string}\"},\"query-input\":{\"@type\":\"PropertyValueSpecification\",\"valueRequired\":true,\"valueName\":\"search_term_string\"}}],\"inLanguage\":\"en-US\"},{\"@type\":\"Organization\",\"@id\":\"https:\/\/maguel-one-editions.com\/#organization\",\"name\":\"Maguel One Editions\",\"url\":\"https:\/\/maguel-one-editions.com\/\",\"logo\":{\"@type\":\"ImageObject\",\"inLanguage\":\"en-US\",\"@id\":\"https:\/\/maguel-one-editions.com\/#\/schema\/logo\/image\/\",\"url\":\"https:\/\/maguel-one-editions.com\/wp-content\/uploads\/2024\/09\/cropped-cropped-LOGO-MOE.png\",\"contentUrl\":\"https:\/\/maguel-one-editions.com\/wp-content\/uploads\/2024\/09\/cropped-cropped-LOGO-MOE.png\",\"width\":252,\"height\":100,\"caption\":\"Maguel One Editions\"},\"image\":{\"@id\":\"https:\/\/maguel-one-editions.com\/#\/schema\/logo\/image\/\"}}]}<\/script>\n<!-- \/ Yoast SEO plugin. -->","yoast_head_json":{"title":"Les G\u00e9ants de la Pr\u00e9histoire - Maguel One Editions","robots":{"index":"index","follow":"follow","max-snippet":"max-snippet:-1","max-image-preview":"max-image-preview:large","max-video-preview":"max-video-preview:-1"},"canonical":"https:\/\/maguel-one-editions.com\/index.php\/accueil\/les-geants-de-la-prehistoire\/","og_locale":"en_US","og_type":"article","og_title":"Les G\u00e9ants de la Pr\u00e9histoire - Maguel One Editions","og_description":"Pr\u00eat \u00e0 remonter le temps et \u00e0 rencontrer les g\u00e9ants de la pr\u00e9histoire ? Dans ce livre fascinant, tu d\u00e9couvriras des cr\u00e9atures incroyables comme le T-Rex, le tric\u00e9ratops et d&#8217;autres animaux pr\u00e9historiques qui ont peupl\u00e9 notre plan\u00e8te. Pr\u00e9pare-toi \u00e0 \u00eatre \u00e9merveill\u00e9 par leurs histoires et leurs caract\u00e9ristiques \u00e9tonnantes. Avec des illustrations captivantes et des faits &hellip; Read more \"Les G\u00e9ants de la Pr\u00e9histoire\"","og_url":"https:\/\/maguel-one-editions.com\/index.php\/accueil\/les-geants-de-la-prehistoire\/","og_site_name":"Maguel One Editions","article_modified_time":"2024-09-11T13:05:42+00:00","og_image":[{"width":1000,"height":1000,"url":"http:\/\/maguel-one-editions.com\/wp-content\/uploads\/2024\/09\/4-1.jpg","type":"image\/jpeg"}],"twitter_card":"summary_large_image","twitter_misc":{"Est. reading time":"1 minute"},"schema":{"@context":"https:\/\/schema.org","@graph":[{"@type":"WebPage","@id":"https:\/\/maguel-one-editions.com\/index.php\/accueil\/les-geants-de-la-prehistoire\/","url":"https:\/\/maguel-one-editions.com\/index.php\/accueil\/les-geants-de-la-prehistoire\/","name":"Les G\u00e9ants de la Pr\u00e9histoire - Maguel One Editions","isPartOf":{"@id":"https:\/\/maguel-one-editions.com\/#website"},"primaryImageOfPage":{"@id":"https:\/\/maguel-one-editions.com\/index.php\/accueil\/les-geants-de-la-prehistoire\/#primaryimage"},"image":{"@id":"https:\/\/maguel-one-editions.com\/index.php\/accueil\/les-geants-de-la-prehistoire\/#primaryimage"},"thumbnailUrl":"https:\/\/maguel-one-editions.com\/wp-content\/uploads\/2024\/09\/4-1.jpg","datePublished":"2024-09-11T08:06:27+00:00","dateModified":"2024-09-11T13:05:42+00:00","breadcrumb":{"@id":"https:\/\/maguel-one-editions.com\/index.php\/accueil\/les-geants-de-la-prehistoire\/#breadcrumb"},"inLanguage":"en-US","potentialAction":[{"@type":"ReadAction","target":["https:\/\/maguel-one-editions.com\/index.php\/accueil\/les-geants-de-la-prehistoire\/"]}]},{"@type":"ImageObject","inLanguage":"en-US","@id":"https:\/\/maguel-one-editions.com\/index.php\/accueil\/les-geants-de-la-prehistoire\/#primaryimage","url":"https:\/\/maguel-one-editions.com\/wp-content\/uploads\/2024\/09\/4-1.jpg","contentUrl":"https:\/\/maguel-one-editions.com\/wp-content\/uploads\/2024\/09\/4-1.jpg","width":1000,"height":1000,"caption":"Les g\u00e9ants de la pr\u00e9histoire"},{"@type":"BreadcrumbList","@id":"https:\/\/maguel-one-editions.com\/index.php\/accueil\/les-geants-de-la-prehistoire\/#breadcrumb","itemListElement":[{"@type":"ListItem","position":1,"name":"Accueil","item":"https:\/\/maguel-one-editions.com\/"},{"@type":"ListItem","position":2,"name":"Nos Livres","item":"https:\/\/maguel-one-editions.com\/"},{"@type":"ListItem","position":3,"name":"Les G\u00e9ants de la Pr\u00e9histoire"}]},{"@type":"WebSite","@id":"https:\/\/maguel-one-editions.com\/#website","url":"https:\/\/maguel-one-editions.com\/","name":"Maguel One Editions","description":"","publisher":{"@id":"https:\/\/maguel-one-editions.com\/#organization"},"potentialAction":[{"@type":"SearchAction","target":{"@type":"EntryPoint","urlTemplate":"https:\/\/maguel-one-editions.com\/?s={search_term_string}"},"query-input":{"@type":"PropertyValueSpecification","valueRequired":true,"valueName":"search_term_string"}}],"inLanguage":"en-US"},{"@type":"Organization","@id":"https:\/\/maguel-one-editions.com\/#organization","name":"Maguel One Editions","url":"https:\/\/maguel-one-editions.com\/","logo":{"@type":"ImageObject","inLanguage":"en-US","@id":"https:\/\/maguel-one-editions.com\/#\/schema\/logo\/image\/","url":"https:\/\/maguel-one-editions.com\/wp-content\/uploads\/2024\/09\/cropped-cropped-LOGO-MOE.png","contentUrl":"https:\/\/maguel-one-editions.com\/wp-content\/uploads\/2024\/09\/cropped-cropped-LOGO-MOE.png","width":252,"height":100,"caption":"Maguel One Editions"},"image":{"@id":"https:\/\/maguel-one-editions.com\/#\/schema\/logo\/image\/"}}]}},"_links":{"self":[{"href":"https:\/\/maguel-one-editions.com\/index.php\/wp-json\/wp\/v2\/pages\/179","targetHints":{"allow":["GET"]}}],"collection":[{"href":"https:\/\/maguel-one-editions.com\/index.php\/wp-json\/wp\/v2\/pages"}],"about":[{"href":"https:\/\/maguel-one-editions.com\/index.php\/wp-json\/wp\/v2\/types\/page"}],"author":[{"embeddable":true,"href":"https:\/\/maguel-one-editions.com\/index.php\/wp-json\/wp\/v2\/users\/1"}],"replies":[{"embeddable":true,"href":"https:\/\/maguel-one-editions.com\/index.php\/wp-json\/wp\/v2\/comments?post=179"}],"version-history":[{"count":4,"href":"https:\/\/maguel-one-editions.com\/index.php\/wp-json\/wp\/v2\/pages\/179\/revisions"}],"predecessor-version":[{"id":195,"href":"https:\/\/maguel-one-editions.com\/index.php\/wp-json\/wp\/v2\/pages\/179\/revisions\/195"}],"up":[{"embeddable":true,"href":"https:\/\/maguel-one-editions.com\/index.php\/wp-json\/wp\/v2\/pages\/63"}],"wp:featuredmedia":[{"embeddable":true,"href":"https:\/\/maguel-one-editions.com\/index.php\/wp-json\/wp\/v2\/media\/65"}],"wp:attachment":[{"href":"https:\/\/maguel-one-editions.com\/index.php\/wp-json\/wp\/v2\/media?parent=179"}],"curies":[{"name":"wp","href":"https:\/\/api.w.org\/{rel}","templated":true}]}}