{"id":211,"date":"2024-09-11T15:20:56","date_gmt":"2024-09-11T13:20:56","guid":{"rendered":"https:\/\/maguel-one-editions.com\/index.php\/accueil\/les-minus-de-la-nature-copy\/"},"modified":"2024-09-11T15:24:46","modified_gmt":"2024-09-11T13:24:46","slug":"les-30-histoires-courtes","status":"publish","type":"page","link":"https:\/\/maguel-one-editions.com\/index.php\/accueil\/les-30-histoires-courtes\/","title":{"rendered":"Les 30 histoires courtes"},"content":{"rendered":"\t\t<div data-elementor-type=\"wp-page\" data-elementor-id=\"211\" class=\"elementor elementor-211\">\n\t\t\t\t<div class=\"elementor-element elementor-element-251c6bcd e-flex e-con-boxed e-con e-parent\" data-id=\"251c6bcd\" data-element_type=\"container\">\n\t\t\t\t\t<div class=\"e-con-inner\">\n\t\t\t\t<div class=\"elementor-element elementor-element-45e72929 elementor-widget elementor-widget-text-editor\" data-id=\"45e72929\" data-element_type=\"widget\" data-widget_type=\"text-editor.default\">\n\t\t\t\t<div class=\"elementor-widget-container\">\n\t\t\t\t\t\t\t<p><!-- wp:paragraph --><\/p>\n<p>Pr\u00e9pare-toi \u00e0 un <strong>voyage extraordinaire<\/strong> dans un monde rempli de <strong>magie<\/strong> et <strong>d&#8217;aventures<\/strong> !<\/p>\n<p>Ce recueil de <strong>30 histoires enchanteresses<\/strong> t&#8217;emm\u00e8nera dans des univers fascinants o\u00f9 tu rencontreras des personnages inoubliables.<\/p>\n<p>Imagine des <strong>enfants curieux<\/strong> comme toi qui d\u00e9couvrent des secrets incroyables, des animaux malicieux qui te feront rire aux \u00e9clats, des f\u00e9es bienveillantes qui exaucent les v\u0153ux les plus fous, et m\u00eame des <strong>monstres gentils qui deviendront tes meilleurs amis !<\/strong><\/p>\n<p><strong>Chaque histoire<\/strong> est comme une petite <strong>porte magique<\/strong> qui s&#8217;ouvre sur un <strong>nouveau monde<\/strong>.<\/p>\n<p>En seulement <strong>3 minutes,<\/strong> tu vivras des aventures palpitantes qui feront galoper ton imagination. <strong>C&#8217;est parfait pour le soir avant de dormir,<\/strong> pour partager un moment sp\u00e9cial en famille, ou simplement pour t&#8217;\u00e9vader quand tu en as envie. Alors, pr\u00eat \u00e0 plonger dans ces mondes merveilleux ?<\/p>\n<p><!-- \/wp:image --><!-- wp:buttons {\"layout\":{\"type\":\"flex\",\"justifyContent\":\"center\"}} --><\/p>\n<div class=\"wp-block-buttons\"><!-- wp:button --><\/div>\n<p><!-- \/wp:paragraph --><\/p>\t\t\t\t\t\t<\/div>\n\t\t\t\t<\/div>\n\t\t\t\t<div class=\"elementor-element elementor-element-b6fa582 elementor-widget elementor-widget-text-editor\" data-id=\"b6fa582\" data-element_type=\"widget\" data-widget_type=\"text-editor.default\">\n\t\t\t\t<div class=\"elementor-widget-container\">\n\t\t\t\t\t\t\t<p>Cliquez sur le livre ci-dessous <strong>pour lire un extrait<\/strong>.<\/p>\t\t\t\t\t\t<\/div>\n\t\t\t\t<\/div>\n\t\t\t\t\t<\/div>\n\t\t\t\t<\/div>\n\t\t<div class=\"elementor-element elementor-element-e6093e7 e-flex e-con-boxed e-con e-parent\" data-id=\"e6093e7\" data-element_type=\"container\">\n\t\t\t\t\t<div class=\"e-con-inner\">\n\t\t<div class=\"elementor-element elementor-element-e8ac3f0 e-con-full e-flex e-con e-child\" data-id=\"e8ac3f0\" data-element_type=\"container\">\n\t\t\t\t<div class=\"elementor-element elementor-element-17ef433 elementor-widget elementor-widget-shortcode\" data-id=\"17ef433\" data-element_type=\"widget\" data-widget_type=\"shortcode.default\">\n\t\t\t\t<div class=\"elementor-widget-container\">\n\t\t\t\t\t<div class=\"elementor-shortcode\">\n<\/div>\n\t\t\t\t<\/div>\n\t\t\t\t<\/div>\n\t\t\t\t<div class=\"elementor-element elementor-element-8136c19 elementor-align-center elementor-widget elementor-widget-button\" data-id=\"8136c19\" data-element_type=\"widget\" data-widget_type=\"button.default\">\n\t\t\t\t<div class=\"elementor-widget-container\">\n\t\t\t\t\t<div class=\"elementor-button-wrapper\">\n\t\t\t<a class=\"elementor-button elementor-button-link elementor-size-sm\" href=\"#\">\n\t\t\t\t\t\t<span class=\"elementor-button-content-wrapper\">\n\t\t\t\t\t\t\t\t\t<span class=\"elementor-button-text\">Acheter le livre<\/span>\n\t\t\t\t\t<\/span>\n\t\t\t\t\t<\/a>\n\t\t<\/div>\n\t\t\t\t<\/div>\n\t\t\t\t<\/div>\n\t\t\t\t<\/div>\n\t\t\t\t\t<\/div>\n\t\t\t\t<\/div>\n\t\t\t\t<\/div>\n\t\t","protected":false},"excerpt":{"rendered":"<p>Pr\u00e9pare-toi \u00e0 un voyage extraordinaire dans un monde rempli de magie et d&#8217;aventures ! Ce recueil de 30 histoires enchanteresses t&#8217;emm\u00e8nera dans des univers fascinants o\u00f9 tu rencontreras des personnages inoubliables. Imagine des enfants curieux comme toi qui d\u00e9couvrent des secrets incroyables, des animaux malicieux qui te feront rire aux \u00e9clats, des f\u00e9es bienveillantes qui &hellip; <\/p>\n<p class=\"link-more\"><a href=\"https:\/\/maguel-one-editions.com\/index.php\/accueil\/les-30-histoires-courtes\/\" class=\"more-link\">Read more<span class=\"screen-reader-text\"> &#8220;Les 30 histoires courtes&#8221;<\/span><\/a><\/p>\n","protected":false},"author":1,"featured_media":69,"parent":63,"menu_order":0,"comment_status":"closed","ping_status":"closed","template":"","meta":{"_glsr_average":0,"_glsr_ranking":0,"_glsr_reviews":0,"footnotes":""},"class_list":["post-211","page","type-page","status-publish","has-post-thumbnail","hentry"],"yoast_head":"<!-- This site is optimized with the Yoast SEO plugin v23.4 - https:\/\/yoast.com\/wordpress\/plugins\/seo\/ -->\n<title>Les 30 histoires courtes - Maguel One Editions<\/title>\n<meta name=\"robots\" content=\"index, follow, max-snippet:-1, max-image-preview:large, max-video-preview:-1\" \/>\n<link rel=\"canonical\" href=\"https:\/\/maguel-one-editions.com\/index.php\/accueil\/les-30-histoires-courtes\/\" \/>\n<meta property=\"og:locale\" content=\"en_US\" \/>\n<meta property=\"og:type\" content=\"article\" \/>\n<meta property=\"og:title\" content=\"Les 30 histoires courtes - Maguel One Editions\" \/>\n<meta property=\"og:description\" content=\"Pr\u00e9pare-toi \u00e0 un voyage extraordinaire dans un monde rempli de magie et d&#8217;aventures ! Ce recueil de 30 histoires enchanteresses t&#8217;emm\u00e8nera dans des univers fascinants o\u00f9 tu rencontreras des personnages inoubliables. Imagine des enfants curieux comme toi qui d\u00e9couvrent des secrets incroyables, des animaux malicieux qui te feront rire aux \u00e9clats, des f\u00e9es bienveillantes qui &hellip; Read more &quot;Les 30 histoires courtes&quot;\" \/>\n<meta property=\"og:url\" content=\"https:\/\/maguel-one-editions.com\/index.php\/accueil\/les-30-histoires-courtes\/\" \/>\n<meta property=\"og:site_name\" content=\"Maguel One Editions\" \/>\n<meta property=\"article:modified_time\" content=\"2024-09-11T13:24:46+00:00\" \/>\n<meta property=\"og:image\" content=\"http:\/\/maguel-one-editions.com\/wp-content\/uploads\/2024\/09\/5-1.jpg\" \/>\n\t<meta property=\"og:image:width\" content=\"1000\" \/>\n\t<meta property=\"og:image:height\" content=\"1499\" \/>\n\t<meta property=\"og:image:type\" content=\"image\/jpeg\" \/>\n<meta name=\"twitter:card\" content=\"summary_large_image\" \/>\n<meta name=\"twitter:label1\" content=\"Est. reading time\" \/>\n\t<meta name=\"twitter:data1\" content=\"1 minute\" \/>\n<script type=\"application\/ld+json\" class=\"yoast-schema-graph\">{\"@context\":\"https:\/\/schema.org\",\"@graph\":[{\"@type\":\"WebPage\",\"@id\":\"https:\/\/maguel-one-editions.com\/index.php\/accueil\/les-30-histoires-courtes\/\",\"url\":\"https:\/\/maguel-one-editions.com\/index.php\/accueil\/les-30-histoires-courtes\/\",\"name\":\"Les 30 histoires courtes - Maguel One Editions\",\"isPartOf\":{\"@id\":\"https:\/\/maguel-one-editions.com\/#website\"},\"primaryImageOfPage\":{\"@id\":\"https:\/\/maguel-one-editions.com\/index.php\/accueil\/les-30-histoires-courtes\/#primaryimage\"},\"image\":{\"@id\":\"https:\/\/maguel-one-editions.com\/index.php\/accueil\/les-30-histoires-courtes\/#primaryimage\"},\"thumbnailUrl\":\"https:\/\/maguel-one-editions.com\/wp-content\/uploads\/2024\/09\/5-1.jpg\",\"datePublished\":\"2024-09-11T13:20:56+00:00\",\"dateModified\":\"2024-09-11T13:24:46+00:00\",\"breadcrumb\":{\"@id\":\"https:\/\/maguel-one-editions.com\/index.php\/accueil\/les-30-histoires-courtes\/#breadcrumb\"},\"inLanguage\":\"en-US\",\"potentialAction\":[{\"@type\":\"ReadAction\",\"target\":[\"https:\/\/maguel-one-editions.com\/index.php\/accueil\/les-30-histoires-courtes\/\"]}]},{\"@type\":\"ImageObject\",\"inLanguage\":\"en-US\",\"@id\":\"https:\/\/maguel-one-editions.com\/index.php\/accueil\/les-30-histoires-courtes\/#primaryimage\",\"url\":\"https:\/\/maguel-one-editions.com\/wp-content\/uploads\/2024\/09\/5-1.jpg\",\"contentUrl\":\"https:\/\/maguel-one-editions.com\/wp-content\/uploads\/2024\/09\/5-1.jpg\",\"width\":1000,\"height\":1499,\"caption\":\"30 histoires courtes\"},{\"@type\":\"BreadcrumbList\",\"@id\":\"https:\/\/maguel-one-editions.com\/index.php\/accueil\/les-30-histoires-courtes\/#breadcrumb\",\"itemListElement\":[{\"@type\":\"ListItem\",\"position\":1,\"name\":\"Accueil\",\"item\":\"https:\/\/maguel-one-editions.com\/\"},{\"@type\":\"ListItem\",\"position\":2,\"name\":\"Nos Livres\",\"item\":\"https:\/\/maguel-one-editions.com\/\"},{\"@type\":\"ListItem\",\"position\":3,\"name\":\"Les 30 histoires courtes\"}]},{\"@type\":\"WebSite\",\"@id\":\"https:\/\/maguel-one-editions.com\/#website\",\"url\":\"https:\/\/maguel-one-editions.com\/\",\"name\":\"Maguel One Editions\",\"description\":\"\",\"publisher\":{\"@id\":\"https:\/\/maguel-one-editions.com\/#organization\"},\"potentialAction\":[{\"@type\":\"SearchAction\",\"target\":{\"@type\":\"EntryPoint\",\"urlTemplate\":\"https:\/\/maguel-one-editions.com\/?s={search_term_string}\"},\"query-input\":{\"@type\":\"PropertyValueSpecification\",\"valueRequired\":true,\"valueName\":\"search_term_string\"}}],\"inLanguage\":\"en-US\"},{\"@type\":\"Organization\",\"@id\":\"https:\/\/maguel-one-editions.com\/#organization\",\"name\":\"Maguel One Editions\",\"url\":\"https:\/\/maguel-one-editions.com\/\",\"logo\":{\"@type\":\"ImageObject\",\"inLanguage\":\"en-US\",\"@id\":\"https:\/\/maguel-one-editions.com\/#\/schema\/logo\/image\/\",\"url\":\"https:\/\/maguel-one-editions.com\/wp-content\/uploads\/2024\/09\/cropped-cropped-LOGO-MOE.png\",\"contentUrl\":\"https:\/\/maguel-one-editions.com\/wp-content\/uploads\/2024\/09\/cropped-cropped-LOGO-MOE.png\",\"width\":252,\"height\":100,\"caption\":\"Maguel One Editions\"},\"image\":{\"@id\":\"https:\/\/maguel-one-editions.com\/#\/schema\/logo\/image\/\"}}]}<\/script>\n<!-- \/ Yoast SEO plugin. -->","yoast_head_json":{"title":"Les 30 histoires courtes - Maguel One Editions","robots":{"index":"index","follow":"follow","max-snippet":"max-snippet:-1","max-image-preview":"max-image-preview:large","max-video-preview":"max-video-preview:-1"},"canonical":"https:\/\/maguel-one-editions.com\/index.php\/accueil\/les-30-histoires-courtes\/","og_locale":"en_US","og_type":"article","og_title":"Les 30 histoires courtes - Maguel One Editions","og_description":"Pr\u00e9pare-toi \u00e0 un voyage extraordinaire dans un monde rempli de magie et d&#8217;aventures ! Ce recueil de 30 histoires enchanteresses t&#8217;emm\u00e8nera dans des univers fascinants o\u00f9 tu rencontreras des personnages inoubliables. Imagine des enfants curieux comme toi qui d\u00e9couvrent des secrets incroyables, des animaux malicieux qui te feront rire aux \u00e9clats, des f\u00e9es bienveillantes qui &hellip; Read more \"Les 30 histoires courtes\"","og_url":"https:\/\/maguel-one-editions.com\/index.php\/accueil\/les-30-histoires-courtes\/","og_site_name":"Maguel One Editions","article_modified_time":"2024-09-11T13:24:46+00:00","og_image":[{"width":1000,"height":1499,"url":"http:\/\/maguel-one-editions.com\/wp-content\/uploads\/2024\/09\/5-1.jpg","type":"image\/jpeg"}],"twitter_card":"summary_large_image","twitter_misc":{"Est. reading time":"1 minute"},"schema":{"@context":"https:\/\/schema.org","@graph":[{"@type":"WebPage","@id":"https:\/\/maguel-one-editions.com\/index.php\/accueil\/les-30-histoires-courtes\/","url":"https:\/\/maguel-one-editions.com\/index.php\/accueil\/les-30-histoires-courtes\/","name":"Les 30 histoires courtes - Maguel One Editions","isPartOf":{"@id":"https:\/\/maguel-one-editions.com\/#website"},"primaryImageOfPage":{"@id":"https:\/\/maguel-one-editions.com\/index.php\/accueil\/les-30-histoires-courtes\/#primaryimage"},"image":{"@id":"https:\/\/maguel-one-editions.com\/index.php\/accueil\/les-30-histoires-courtes\/#primaryimage"},"thumbnailUrl":"https:\/\/maguel-one-editions.com\/wp-content\/uploads\/2024\/09\/5-1.jpg","datePublished":"2024-09-11T13:20:56+00:00","dateModified":"2024-09-11T13:24:46+00:00","breadcrumb":{"@id":"https:\/\/maguel-one-editions.com\/index.php\/accueil\/les-30-histoires-courtes\/#breadcrumb"},"inLanguage":"en-US","potentialAction":[{"@type":"ReadAction","target":["https:\/\/maguel-one-editions.com\/index.php\/accueil\/les-30-histoires-courtes\/"]}]},{"@type":"ImageObject","inLanguage":"en-US","@id":"https:\/\/maguel-one-editions.com\/index.php\/accueil\/les-30-histoires-courtes\/#primaryimage","url":"https:\/\/maguel-one-editions.com\/wp-content\/uploads\/2024\/09\/5-1.jpg","contentUrl":"https:\/\/maguel-one-editions.com\/wp-content\/uploads\/2024\/09\/5-1.jpg","width":1000,"height":1499,"caption":"30 histoires courtes"},{"@type":"BreadcrumbList","@id":"https:\/\/maguel-one-editions.com\/index.php\/accueil\/les-30-histoires-courtes\/#breadcrumb","itemListElement":[{"@type":"ListItem","position":1,"name":"Accueil","item":"https:\/\/maguel-one-editions.com\/"},{"@type":"ListItem","position":2,"name":"Nos Livres","item":"https:\/\/maguel-one-editions.com\/"},{"@type":"ListItem","position":3,"name":"Les 30 histoires courtes"}]},{"@type":"WebSite","@id":"https:\/\/maguel-one-editions.com\/#website","url":"https:\/\/maguel-one-editions.com\/","name":"Maguel One Editions","description":"","publisher":{"@id":"https:\/\/maguel-one-editions.com\/#organization"},"potentialAction":[{"@type":"SearchAction","target":{"@type":"EntryPoint","urlTemplate":"https:\/\/maguel-one-editions.com\/?s={search_term_string}"},"query-input":{"@type":"PropertyValueSpecification","valueRequired":true,"valueName":"search_term_string"}}],"inLanguage":"en-US"},{"@type":"Organization","@id":"https:\/\/maguel-one-editions.com\/#organization","name":"Maguel One Editions","url":"https:\/\/maguel-one-editions.com\/","logo":{"@type":"ImageObject","inLanguage":"en-US","@id":"https:\/\/maguel-one-editions.com\/#\/schema\/logo\/image\/","url":"https:\/\/maguel-one-editions.com\/wp-content\/uploads\/2024\/09\/cropped-cropped-LOGO-MOE.png","contentUrl":"https:\/\/maguel-one-editions.com\/wp-content\/uploads\/2024\/09\/cropped-cropped-LOGO-MOE.png","width":252,"height":100,"caption":"Maguel One Editions"},"image":{"@id":"https:\/\/maguel-one-editions.com\/#\/schema\/logo\/image\/"}}]}},"_links":{"self":[{"href":"https:\/\/maguel-one-editions.com\/index.php\/wp-json\/wp\/v2\/pages\/211","targetHints":{"allow":["GET"]}}],"collection":[{"href":"https:\/\/maguel-one-editions.com\/index.php\/wp-json\/wp\/v2\/pages"}],"about":[{"href":"https:\/\/maguel-one-editions.com\/index.php\/wp-json\/wp\/v2\/types\/page"}],"author":[{"embeddable":true,"href":"https:\/\/maguel-one-editions.com\/index.php\/wp-json\/wp\/v2\/users\/1"}],"replies":[{"embeddable":true,"href":"https:\/\/maguel-one-editions.com\/index.php\/wp-json\/wp\/v2\/comments?post=211"}],"version-history":[{"count":4,"href":"https:\/\/maguel-one-editions.com\/index.php\/wp-json\/wp\/v2\/pages\/211\/revisions"}],"predecessor-version":[{"id":215,"href":"https:\/\/maguel-one-editions.com\/index.php\/wp-json\/wp\/v2\/pages\/211\/revisions\/215"}],"up":[{"embeddable":true,"href":"https:\/\/maguel-one-editions.com\/index.php\/wp-json\/wp\/v2\/pages\/63"}],"wp:featuredmedia":[{"embeddable":true,"href":"https:\/\/maguel-one-editions.com\/index.php\/wp-json\/wp\/v2\/media\/69"}],"wp:attachment":[{"href":"https:\/\/maguel-one-editions.com\/index.php\/wp-json\/wp\/v2\/media?parent=211"}],"curies":[{"name":"wp","href":"https:\/\/api.w.org\/{rel}","templated":true}]}}