{"id":217,"date":"2024-09-11T15:28:48","date_gmt":"2024-09-11T13:28:48","guid":{"rendered":"https:\/\/maguel-one-editions.com\/index.php\/accueil\/les-30-histoires-courtes-copy\/"},"modified":"2024-09-11T15:39:14","modified_gmt":"2024-09-11T13:39:14","slug":"le-meilleur-des-contes-fables-et-legendes","status":"publish","type":"page","link":"https:\/\/maguel-one-editions.com\/index.php\/accueil\/le-meilleur-des-contes-fables-et-legendes\/","title":{"rendered":"Le meilleur des Contes, Fables et L\u00e9gendes"},"content":{"rendered":"\t\t<div data-elementor-type=\"wp-page\" data-elementor-id=\"217\" class=\"elementor elementor-217\">\n\t\t\t\t<div class=\"elementor-element elementor-element-251c6bcd e-flex e-con-boxed e-con e-parent\" data-id=\"251c6bcd\" data-element_type=\"container\">\n\t\t\t\t\t<div class=\"e-con-inner\">\n\t\t\t\t<div class=\"elementor-element elementor-element-45e72929 elementor-widget elementor-widget-text-editor\" data-id=\"45e72929\" data-element_type=\"widget\" data-widget_type=\"text-editor.default\">\n\t\t\t\t<div class=\"elementor-widget-container\">\n\t\t\t\t\t\t\t<p><!-- wp:paragraph --><\/p>\n<p>Plonge dans plus de <strong>300 pages d&#8217;histoires extraordinaires<\/strong> !<\/p>\n<p>Tu trouveras ici les plus grands classiques des contes, fables et l\u00e9gendes du monde entier. Ces r\u00e9cits ont fait <strong>r\u00eaver des g\u00e9n\u00e9rations d&#8217;enfants<\/strong> et continuent d&#8217;\u00e9merveiller les petits comme les grands.<\/p>\n<p>Pr\u00eat pour un voyage \u00e0 travers l<strong>es plus belles histoires de tous les temps<\/strong> ?<\/p>\n<p><!-- \/wp:image --><!-- wp:buttons {\"layout\":{\"type\":\"flex\",\"justifyContent\":\"center\"}} --><\/p>\n<div class=\"wp-block-buttons\"><!-- wp:button --><\/div>\n<p><!-- \/wp:paragraph --><\/p>\t\t\t\t\t\t<\/div>\n\t\t\t\t<\/div>\n\t\t\t\t<div class=\"elementor-element elementor-element-b6fa582 elementor-widget elementor-widget-text-editor\" data-id=\"b6fa582\" data-element_type=\"widget\" data-widget_type=\"text-editor.default\">\n\t\t\t\t<div class=\"elementor-widget-container\">\n\t\t\t\t\t\t\t<p>Cliquez sur le livre ci-dessous <strong>pour lire un extrait<\/strong>.<\/p>\t\t\t\t\t\t<\/div>\n\t\t\t\t<\/div>\n\t\t\t\t\t<\/div>\n\t\t\t\t<\/div>\n\t\t<div class=\"elementor-element elementor-element-e6093e7 e-flex e-con-boxed e-con e-parent\" data-id=\"e6093e7\" data-element_type=\"container\">\n\t\t\t\t\t<div class=\"e-con-inner\">\n\t\t<div class=\"elementor-element elementor-element-e8ac3f0 e-con-full e-flex e-con e-child\" data-id=\"e8ac3f0\" data-element_type=\"container\">\n\t\t\t\t<div class=\"elementor-element elementor-element-17ef433 elementor-widget elementor-widget-shortcode\" data-id=\"17ef433\" data-element_type=\"widget\" data-widget_type=\"shortcode.default\">\n\t\t\t\t<div class=\"elementor-widget-container\">\n\t\t\t\t\t<div class=\"elementor-shortcode\">\n<\/div>\n\t\t\t\t<\/div>\n\t\t\t\t<\/div>\n\t\t\t\t<div class=\"elementor-element elementor-element-8136c19 elementor-align-center elementor-widget elementor-widget-button\" data-id=\"8136c19\" data-element_type=\"widget\" data-widget_type=\"button.default\">\n\t\t\t\t<div class=\"elementor-widget-container\">\n\t\t\t\t\t<div class=\"elementor-button-wrapper\">\n\t\t\t<a class=\"elementor-button elementor-button-link elementor-size-sm\" href=\"#\">\n\t\t\t\t\t\t<span class=\"elementor-button-content-wrapper\">\n\t\t\t\t\t\t\t\t\t<span class=\"elementor-button-text\">Acheter le livre<\/span>\n\t\t\t\t\t<\/span>\n\t\t\t\t\t<\/a>\n\t\t<\/div>\n\t\t\t\t<\/div>\n\t\t\t\t<\/div>\n\t\t\t\t<\/div>\n\t\t\t\t\t<\/div>\n\t\t\t\t<\/div>\n\t\t\t\t<\/div>\n\t\t","protected":false},"excerpt":{"rendered":"<p>Plonge dans plus de 300 pages d&#8217;histoires extraordinaires ! Tu trouveras ici les plus grands classiques des contes, fables et l\u00e9gendes du monde entier. Ces r\u00e9cits ont fait r\u00eaver des g\u00e9n\u00e9rations d&#8217;enfants et continuent d&#8217;\u00e9merveiller les petits comme les grands. Pr\u00eat pour un voyage \u00e0 travers les plus belles histoires de tous les temps ?<\/p>\n","protected":false},"author":1,"featured_media":228,"parent":63,"menu_order":0,"comment_status":"closed","ping_status":"closed","template":"","meta":{"_glsr_average":0,"_glsr_ranking":0,"_glsr_reviews":0,"footnotes":""},"class_list":["post-217","page","type-page","status-publish","has-post-thumbnail","hentry"],"yoast_head":"<!-- This site is optimized with the Yoast SEO plugin v23.4 - https:\/\/yoast.com\/wordpress\/plugins\/seo\/ -->\n<title>Le meilleur des Contes, Fables et L\u00e9gendes - Maguel One Editions<\/title>\n<meta name=\"robots\" content=\"index, follow, max-snippet:-1, max-image-preview:large, max-video-preview:-1\" \/>\n<link rel=\"canonical\" href=\"https:\/\/maguel-one-editions.com\/index.php\/accueil\/le-meilleur-des-contes-fables-et-legendes\/\" \/>\n<meta property=\"og:locale\" content=\"en_US\" \/>\n<meta property=\"og:type\" content=\"article\" \/>\n<meta property=\"og:title\" content=\"Le meilleur des Contes, Fables et L\u00e9gendes - Maguel One Editions\" \/>\n<meta property=\"og:description\" content=\"Plonge dans plus de 300 pages d&#8217;histoires extraordinaires ! Tu trouveras ici les plus grands classiques des contes, fables et l\u00e9gendes du monde entier. Ces r\u00e9cits ont fait r\u00eaver des g\u00e9n\u00e9rations d&#8217;enfants et continuent d&#8217;\u00e9merveiller les petits comme les grands. Pr\u00eat pour un voyage \u00e0 travers les plus belles histoires de tous les temps ?\" \/>\n<meta property=\"og:url\" content=\"https:\/\/maguel-one-editions.com\/index.php\/accueil\/le-meilleur-des-contes-fables-et-legendes\/\" \/>\n<meta property=\"og:site_name\" content=\"Maguel One Editions\" \/>\n<meta property=\"article:modified_time\" content=\"2024-09-11T13:39:14+00:00\" \/>\n<meta property=\"og:image\" content=\"http:\/\/maguel-one-editions.com\/wp-content\/uploads\/2024\/09\/8-1.jpg\" \/>\n\t<meta property=\"og:image:width\" content=\"1000\" \/>\n\t<meta property=\"og:image:height\" content=\"1499\" \/>\n\t<meta property=\"og:image:type\" content=\"image\/jpeg\" \/>\n<meta name=\"twitter:card\" content=\"summary_large_image\" \/>\n<meta name=\"twitter:label1\" content=\"Est. reading time\" \/>\n\t<meta name=\"twitter:data1\" content=\"1 minute\" \/>\n<script type=\"application\/ld+json\" class=\"yoast-schema-graph\">{\"@context\":\"https:\/\/schema.org\",\"@graph\":[{\"@type\":\"WebPage\",\"@id\":\"https:\/\/maguel-one-editions.com\/index.php\/accueil\/le-meilleur-des-contes-fables-et-legendes\/\",\"url\":\"https:\/\/maguel-one-editions.com\/index.php\/accueil\/le-meilleur-des-contes-fables-et-legendes\/\",\"name\":\"Le meilleur des Contes, Fables et L\u00e9gendes - Maguel One Editions\",\"isPartOf\":{\"@id\":\"https:\/\/maguel-one-editions.com\/#website\"},\"primaryImageOfPage\":{\"@id\":\"https:\/\/maguel-one-editions.com\/index.php\/accueil\/le-meilleur-des-contes-fables-et-legendes\/#primaryimage\"},\"image\":{\"@id\":\"https:\/\/maguel-one-editions.com\/index.php\/accueil\/le-meilleur-des-contes-fables-et-legendes\/#primaryimage\"},\"thumbnailUrl\":\"https:\/\/maguel-one-editions.com\/wp-content\/uploads\/2024\/09\/8-1.jpg\",\"datePublished\":\"2024-09-11T13:28:48+00:00\",\"dateModified\":\"2024-09-11T13:39:14+00:00\",\"breadcrumb\":{\"@id\":\"https:\/\/maguel-one-editions.com\/index.php\/accueil\/le-meilleur-des-contes-fables-et-legendes\/#breadcrumb\"},\"inLanguage\":\"en-US\",\"potentialAction\":[{\"@type\":\"ReadAction\",\"target\":[\"https:\/\/maguel-one-editions.com\/index.php\/accueil\/le-meilleur-des-contes-fables-et-legendes\/\"]}]},{\"@type\":\"ImageObject\",\"inLanguage\":\"en-US\",\"@id\":\"https:\/\/maguel-one-editions.com\/index.php\/accueil\/le-meilleur-des-contes-fables-et-legendes\/#primaryimage\",\"url\":\"https:\/\/maguel-one-editions.com\/wp-content\/uploads\/2024\/09\/8-1.jpg\",\"contentUrl\":\"https:\/\/maguel-one-editions.com\/wp-content\/uploads\/2024\/09\/8-1.jpg\",\"width\":1000,\"height\":1499,\"caption\":\"Le meilleur des Contes, Fables et L\u00e9gendes.\"},{\"@type\":\"BreadcrumbList\",\"@id\":\"https:\/\/maguel-one-editions.com\/index.php\/accueil\/le-meilleur-des-contes-fables-et-legendes\/#breadcrumb\",\"itemListElement\":[{\"@type\":\"ListItem\",\"position\":1,\"name\":\"Accueil\",\"item\":\"https:\/\/maguel-one-editions.com\/\"},{\"@type\":\"ListItem\",\"position\":2,\"name\":\"Nos Livres\",\"item\":\"https:\/\/maguel-one-editions.com\/\"},{\"@type\":\"ListItem\",\"position\":3,\"name\":\"Le meilleur des Contes, Fables et L\u00e9gendes\"}]},{\"@type\":\"WebSite\",\"@id\":\"https:\/\/maguel-one-editions.com\/#website\",\"url\":\"https:\/\/maguel-one-editions.com\/\",\"name\":\"Maguel One Editions\",\"description\":\"\",\"publisher\":{\"@id\":\"https:\/\/maguel-one-editions.com\/#organization\"},\"potentialAction\":[{\"@type\":\"SearchAction\",\"target\":{\"@type\":\"EntryPoint\",\"urlTemplate\":\"https:\/\/maguel-one-editions.com\/?s={search_term_string}\"},\"query-input\":{\"@type\":\"PropertyValueSpecification\",\"valueRequired\":true,\"valueName\":\"search_term_string\"}}],\"inLanguage\":\"en-US\"},{\"@type\":\"Organization\",\"@id\":\"https:\/\/maguel-one-editions.com\/#organization\",\"name\":\"Maguel One Editions\",\"url\":\"https:\/\/maguel-one-editions.com\/\",\"logo\":{\"@type\":\"ImageObject\",\"inLanguage\":\"en-US\",\"@id\":\"https:\/\/maguel-one-editions.com\/#\/schema\/logo\/image\/\",\"url\":\"https:\/\/maguel-one-editions.com\/wp-content\/uploads\/2024\/09\/cropped-cropped-LOGO-MOE.png\",\"contentUrl\":\"https:\/\/maguel-one-editions.com\/wp-content\/uploads\/2024\/09\/cropped-cropped-LOGO-MOE.png\",\"width\":252,\"height\":100,\"caption\":\"Maguel One Editions\"},\"image\":{\"@id\":\"https:\/\/maguel-one-editions.com\/#\/schema\/logo\/image\/\"}}]}<\/script>\n<!-- \/ Yoast SEO plugin. -->","yoast_head_json":{"title":"Le meilleur des Contes, Fables et L\u00e9gendes - Maguel One Editions","robots":{"index":"index","follow":"follow","max-snippet":"max-snippet:-1","max-image-preview":"max-image-preview:large","max-video-preview":"max-video-preview:-1"},"canonical":"https:\/\/maguel-one-editions.com\/index.php\/accueil\/le-meilleur-des-contes-fables-et-legendes\/","og_locale":"en_US","og_type":"article","og_title":"Le meilleur des Contes, Fables et L\u00e9gendes - Maguel One Editions","og_description":"Plonge dans plus de 300 pages d&#8217;histoires extraordinaires ! Tu trouveras ici les plus grands classiques des contes, fables et l\u00e9gendes du monde entier. Ces r\u00e9cits ont fait r\u00eaver des g\u00e9n\u00e9rations d&#8217;enfants et continuent d&#8217;\u00e9merveiller les petits comme les grands. Pr\u00eat pour un voyage \u00e0 travers les plus belles histoires de tous les temps ?","og_url":"https:\/\/maguel-one-editions.com\/index.php\/accueil\/le-meilleur-des-contes-fables-et-legendes\/","og_site_name":"Maguel One Editions","article_modified_time":"2024-09-11T13:39:14+00:00","og_image":[{"width":1000,"height":1499,"url":"http:\/\/maguel-one-editions.com\/wp-content\/uploads\/2024\/09\/8-1.jpg","type":"image\/jpeg"}],"twitter_card":"summary_large_image","twitter_misc":{"Est. reading time":"1 minute"},"schema":{"@context":"https:\/\/schema.org","@graph":[{"@type":"WebPage","@id":"https:\/\/maguel-one-editions.com\/index.php\/accueil\/le-meilleur-des-contes-fables-et-legendes\/","url":"https:\/\/maguel-one-editions.com\/index.php\/accueil\/le-meilleur-des-contes-fables-et-legendes\/","name":"Le meilleur des Contes, Fables et L\u00e9gendes - Maguel One Editions","isPartOf":{"@id":"https:\/\/maguel-one-editions.com\/#website"},"primaryImageOfPage":{"@id":"https:\/\/maguel-one-editions.com\/index.php\/accueil\/le-meilleur-des-contes-fables-et-legendes\/#primaryimage"},"image":{"@id":"https:\/\/maguel-one-editions.com\/index.php\/accueil\/le-meilleur-des-contes-fables-et-legendes\/#primaryimage"},"thumbnailUrl":"https:\/\/maguel-one-editions.com\/wp-content\/uploads\/2024\/09\/8-1.jpg","datePublished":"2024-09-11T13:28:48+00:00","dateModified":"2024-09-11T13:39:14+00:00","breadcrumb":{"@id":"https:\/\/maguel-one-editions.com\/index.php\/accueil\/le-meilleur-des-contes-fables-et-legendes\/#breadcrumb"},"inLanguage":"en-US","potentialAction":[{"@type":"ReadAction","target":["https:\/\/maguel-one-editions.com\/index.php\/accueil\/le-meilleur-des-contes-fables-et-legendes\/"]}]},{"@type":"ImageObject","inLanguage":"en-US","@id":"https:\/\/maguel-one-editions.com\/index.php\/accueil\/le-meilleur-des-contes-fables-et-legendes\/#primaryimage","url":"https:\/\/maguel-one-editions.com\/wp-content\/uploads\/2024\/09\/8-1.jpg","contentUrl":"https:\/\/maguel-one-editions.com\/wp-content\/uploads\/2024\/09\/8-1.jpg","width":1000,"height":1499,"caption":"Le meilleur des Contes, Fables et L\u00e9gendes."},{"@type":"BreadcrumbList","@id":"https:\/\/maguel-one-editions.com\/index.php\/accueil\/le-meilleur-des-contes-fables-et-legendes\/#breadcrumb","itemListElement":[{"@type":"ListItem","position":1,"name":"Accueil","item":"https:\/\/maguel-one-editions.com\/"},{"@type":"ListItem","position":2,"name":"Nos Livres","item":"https:\/\/maguel-one-editions.com\/"},{"@type":"ListItem","position":3,"name":"Le meilleur des Contes, Fables et L\u00e9gendes"}]},{"@type":"WebSite","@id":"https:\/\/maguel-one-editions.com\/#website","url":"https:\/\/maguel-one-editions.com\/","name":"Maguel One Editions","description":"","publisher":{"@id":"https:\/\/maguel-one-editions.com\/#organization"},"potentialAction":[{"@type":"SearchAction","target":{"@type":"EntryPoint","urlTemplate":"https:\/\/maguel-one-editions.com\/?s={search_term_string}"},"query-input":{"@type":"PropertyValueSpecification","valueRequired":true,"valueName":"search_term_string"}}],"inLanguage":"en-US"},{"@type":"Organization","@id":"https:\/\/maguel-one-editions.com\/#organization","name":"Maguel One Editions","url":"https:\/\/maguel-one-editions.com\/","logo":{"@type":"ImageObject","inLanguage":"en-US","@id":"https:\/\/maguel-one-editions.com\/#\/schema\/logo\/image\/","url":"https:\/\/maguel-one-editions.com\/wp-content\/uploads\/2024\/09\/cropped-cropped-LOGO-MOE.png","contentUrl":"https:\/\/maguel-one-editions.com\/wp-content\/uploads\/2024\/09\/cropped-cropped-LOGO-MOE.png","width":252,"height":100,"caption":"Maguel One Editions"},"image":{"@id":"https:\/\/maguel-one-editions.com\/#\/schema\/logo\/image\/"}}]}},"_links":{"self":[{"href":"https:\/\/maguel-one-editions.com\/index.php\/wp-json\/wp\/v2\/pages\/217","targetHints":{"allow":["GET"]}}],"collection":[{"href":"https:\/\/maguel-one-editions.com\/index.php\/wp-json\/wp\/v2\/pages"}],"about":[{"href":"https:\/\/maguel-one-editions.com\/index.php\/wp-json\/wp\/v2\/types\/page"}],"author":[{"embeddable":true,"href":"https:\/\/maguel-one-editions.com\/index.php\/wp-json\/wp\/v2\/users\/1"}],"replies":[{"embeddable":true,"href":"https:\/\/maguel-one-editions.com\/index.php\/wp-json\/wp\/v2\/comments?post=217"}],"version-history":[{"count":10,"href":"https:\/\/maguel-one-editions.com\/index.php\/wp-json\/wp\/v2\/pages\/217\/revisions"}],"predecessor-version":[{"id":231,"href":"https:\/\/maguel-one-editions.com\/index.php\/wp-json\/wp\/v2\/pages\/217\/revisions\/231"}],"up":[{"embeddable":true,"href":"https:\/\/maguel-one-editions.com\/index.php\/wp-json\/wp\/v2\/pages\/63"}],"wp:featuredmedia":[{"embeddable":true,"href":"https:\/\/maguel-one-editions.com\/index.php\/wp-json\/wp\/v2\/media\/228"}],"wp:attachment":[{"href":"https:\/\/maguel-one-editions.com\/index.php\/wp-json\/wp\/v2\/media?parent=217"}],"curies":[{"name":"wp","href":"https:\/\/api.w.org\/{rel}","templated":true}]}}