{"id":35,"date":"2024-09-09T12:19:18","date_gmt":"2024-09-09T10:19:18","guid":{"rendered":"https:\/\/maguel-one-editions.com\/index.php\/les-animaux-de-la-ferme-tea-tome-copy\/"},"modified":"2024-09-11T15:05:42","modified_gmt":"2024-09-11T13:05:42","slug":"les-animaux-sauvages","status":"publish","type":"page","link":"https:\/\/maguel-one-editions.com\/index.php\/accueil\/les-animaux-sauvages\/","title":{"rendered":"Les Animaux Sauvages"},"content":{"rendered":"\t\t<div data-elementor-type=\"wp-page\" data-elementor-id=\"35\" class=\"elementor elementor-35\">\n\t\t\t\t<div class=\"elementor-element elementor-element-251c6bcd e-flex e-con-boxed e-con e-parent\" data-id=\"251c6bcd\" data-element_type=\"container\">\n\t\t\t\t\t<div class=\"e-con-inner\">\n\t\t\t\t<div class=\"elementor-element elementor-element-45e72929 elementor-widget elementor-widget-text-editor\" data-id=\"45e72929\" data-element_type=\"widget\" data-widget_type=\"text-editor.default\">\n\t\t\t\t<div class=\"elementor-widget-container\">\n\t\t\t\t\t\t\t<p><!-- wp:paragraph --><\/p>\n<p><strong>Pr\u00e9pare-toi \u00e0 un safari inoubliable !<\/strong><\/p>\n<p>Dans ce livre, tu vas explorer les habitats fascinants des animaux sauvages, des majestueux lions aux malicieux singes.<\/p>\n<p><strong>\u00c9coute leurs cris gr\u00e2ce aux extraits audio<\/strong> et d\u00e9couvre des <strong>anecdotes surprenantes<\/strong> sur leur vie quotidienne.<\/p>\n<p>Mais ce n\u2019est pas tout ! Avec le <strong>livret de coloriages<\/strong>, tu pourras laisser libre cours \u00e0 ta cr\u00e9ativit\u00e9 et donner vie \u00e0 ces incroyables cr\u00e9atures. Une immersion totale dans le monde sauvage qui \u00e9veillera tous tes sens et te fera r\u00eaver d&#8217;aventures !<\/p>\n<p><!-- \/wp:paragraph --><!-- wp:image {\"id\":24,\"sizeSlug\":\"full\",\"linkDestination\":\"none\",\"align\":\"center\",\"className\":\"is-style-default\"} --><\/p>\n<figure class=\"wp-block-image aligncenter size-full is-style-default\"><\/figure>\n<p><!-- \/wp:image --><!-- wp:buttons {\"layout\":{\"type\":\"flex\",\"justifyContent\":\"center\"}} --><\/p>\n<div class=\"wp-block-buttons\"><!-- wp:button --><\/div>\n<p><!-- \/wp:paragraph --><\/p>\t\t\t\t\t\t<\/div>\n\t\t\t\t<\/div>\n\t\t\t\t<div class=\"elementor-element elementor-element-fb9d022 elementor-widget elementor-widget-text-editor\" data-id=\"fb9d022\" data-element_type=\"widget\" data-widget_type=\"text-editor.default\">\n\t\t\t\t<div class=\"elementor-widget-container\">\n\t\t\t\t\t\t\t<p>Cliquez sur le livre ci-dessous <strong>pour lire un extrait<\/strong>.<\/p>\t\t\t\t\t\t<\/div>\n\t\t\t\t<\/div>\n\t\t<div class=\"elementor-element elementor-element-23b5632 e-con-full e-flex e-con e-child\" data-id=\"23b5632\" data-element_type=\"container\">\n\t\t<div class=\"elementor-element elementor-element-c08a575 e-con-full e-flex e-con e-child\" data-id=\"c08a575\" data-element_type=\"container\">\n\t\t\t\t<div class=\"elementor-element elementor-element-f7f6802 elementor-widget elementor-widget-shortcode\" data-id=\"f7f6802\" data-element_type=\"widget\" data-widget_type=\"shortcode.default\">\n\t\t\t\t<div class=\"elementor-widget-container\">\n\t\t\t\t\t<div class=\"elementor-shortcode\"><div class=\"_df_thumb \" id=\"df_168\"  _slug=\"\" data-title=\"extrait-les-animaux-sauvages\" wpoptions=\"true\" thumb=\"http:\/\/maguel-one-editions.com\/wp-content\/uploads\/2024\/09\/2-1.jpg\" thumbtype=\"\" >Extrait Les animaux sauvages<\/div><script class=\"df-shortcode-script\" type=\"application\/javascript\">window.option_df_168 = {\"outline\":[],\"autoEnableOutline\":\"false\",\"autoEnableThumbnail\":\"false\",\"overwritePDFOutline\":\"false\",\"direction\":\"1\",\"pageSize\":\"0\",\"pageMode\":\"2\",\"source\":\"http:\\\/\\\/maguel-one-editions.com\\\/wp-content\\\/uploads\\\/2024\\\/09\\\/Les-Animaux-Sauvages-avec-coloriage-en-ligne.pdf\",\"wpOptions\":\"true\"}; if(window.DFLIP && window.DFLIP.parseBooks){window.DFLIP.parseBooks();}<\/script><\/div>\n\t\t\t\t<\/div>\n\t\t\t\t<\/div>\n\t\t\t\t<div class=\"elementor-element elementor-element-5084dec elementor-align-center elementor-widget elementor-widget-button\" data-id=\"5084dec\" data-element_type=\"widget\" data-widget_type=\"button.default\">\n\t\t\t\t<div class=\"elementor-widget-container\">\n\t\t\t\t\t<div class=\"elementor-button-wrapper\">\n\t\t\t<a class=\"elementor-button elementor-button-link elementor-size-sm\" href=\"#\">\n\t\t\t\t\t\t<span class=\"elementor-button-content-wrapper\">\n\t\t\t\t\t\t\t\t\t<span class=\"elementor-button-text\">Acheter le livre<\/span>\n\t\t\t\t\t<\/span>\n\t\t\t\t\t<\/a>\n\t\t<\/div>\n\t\t\t\t<\/div>\n\t\t\t\t<\/div>\n\t\t\t\t<\/div>\n\t\t\t\t<\/div>\n\t\t\t\t\t<\/div>\n\t\t\t\t<\/div>\n\t\t\t\t<\/div>\n\t\t","protected":false},"excerpt":{"rendered":"<p>Pr\u00e9pare-toi \u00e0 un safari inoubliable ! Dans ce livre, tu vas explorer les habitats fascinants des animaux sauvages, des majestueux lions aux malicieux singes. \u00c9coute leurs cris gr\u00e2ce aux extraits audio et d\u00e9couvre des anecdotes surprenantes sur leur vie quotidienne. Mais ce n\u2019est pas tout ! Avec le livret de coloriages, tu pourras laisser libre &hellip; <\/p>\n<p class=\"link-more\"><a href=\"https:\/\/maguel-one-editions.com\/index.php\/accueil\/les-animaux-sauvages\/\" class=\"more-link\">Read more<span class=\"screen-reader-text\"> &#8220;Les Animaux Sauvages&#8221;<\/span><\/a><\/p>\n","protected":false},"author":1,"featured_media":40,"parent":63,"menu_order":0,"comment_status":"closed","ping_status":"closed","template":"","meta":{"_glsr_average":0,"_glsr_ranking":0,"_glsr_reviews":0,"footnotes":""},"class_list":["post-35","page","type-page","status-publish","has-post-thumbnail","hentry"],"yoast_head":"<!-- This site is optimized with the Yoast SEO plugin v23.4 - https:\/\/yoast.com\/wordpress\/plugins\/seo\/ -->\n<title>Les Animaux Sauvages - Maguel One Editions<\/title>\n<meta name=\"robots\" content=\"index, follow, max-snippet:-1, max-image-preview:large, max-video-preview:-1\" \/>\n<link rel=\"canonical\" href=\"https:\/\/maguel-one-editions.com\/index.php\/accueil\/les-animaux-sauvages\/\" \/>\n<meta property=\"og:locale\" content=\"en_US\" \/>\n<meta property=\"og:type\" content=\"article\" \/>\n<meta property=\"og:title\" content=\"Les Animaux Sauvages - Maguel One Editions\" \/>\n<meta property=\"og:description\" content=\"Pr\u00e9pare-toi \u00e0 un safari inoubliable ! Dans ce livre, tu vas explorer les habitats fascinants des animaux sauvages, des majestueux lions aux malicieux singes. \u00c9coute leurs cris gr\u00e2ce aux extraits audio et d\u00e9couvre des anecdotes surprenantes sur leur vie quotidienne. Mais ce n\u2019est pas tout ! Avec le livret de coloriages, tu pourras laisser libre &hellip; Read more &quot;Les Animaux Sauvages&quot;\" \/>\n<meta property=\"og:url\" content=\"https:\/\/maguel-one-editions.com\/index.php\/accueil\/les-animaux-sauvages\/\" \/>\n<meta property=\"og:site_name\" content=\"Maguel One Editions\" \/>\n<meta property=\"article:modified_time\" content=\"2024-09-11T13:05:42+00:00\" \/>\n<meta property=\"og:image\" content=\"http:\/\/maguel-one-editions.com\/wp-content\/uploads\/2024\/09\/2-1.jpg\" \/>\n\t<meta property=\"og:image:width\" content=\"1000\" \/>\n\t<meta property=\"og:image:height\" content=\"1000\" \/>\n\t<meta property=\"og:image:type\" content=\"image\/jpeg\" \/>\n<meta name=\"twitter:card\" content=\"summary_large_image\" \/>\n<meta name=\"twitter:label1\" content=\"Est. reading time\" \/>\n\t<meta name=\"twitter:data1\" content=\"1 minute\" \/>\n<script type=\"application\/ld+json\" class=\"yoast-schema-graph\">{\"@context\":\"https:\/\/schema.org\",\"@graph\":[{\"@type\":\"WebPage\",\"@id\":\"https:\/\/maguel-one-editions.com\/index.php\/accueil\/les-animaux-sauvages\/\",\"url\":\"https:\/\/maguel-one-editions.com\/index.php\/accueil\/les-animaux-sauvages\/\",\"name\":\"Les Animaux Sauvages - Maguel One Editions\",\"isPartOf\":{\"@id\":\"https:\/\/maguel-one-editions.com\/#website\"},\"primaryImageOfPage\":{\"@id\":\"https:\/\/maguel-one-editions.com\/index.php\/accueil\/les-animaux-sauvages\/#primaryimage\"},\"image\":{\"@id\":\"https:\/\/maguel-one-editions.com\/index.php\/accueil\/les-animaux-sauvages\/#primaryimage\"},\"thumbnailUrl\":\"https:\/\/maguel-one-editions.com\/wp-content\/uploads\/2024\/09\/2-1.jpg\",\"datePublished\":\"2024-09-09T10:19:18+00:00\",\"dateModified\":\"2024-09-11T13:05:42+00:00\",\"breadcrumb\":{\"@id\":\"https:\/\/maguel-one-editions.com\/index.php\/accueil\/les-animaux-sauvages\/#breadcrumb\"},\"inLanguage\":\"en-US\",\"potentialAction\":[{\"@type\":\"ReadAction\",\"target\":[\"https:\/\/maguel-one-editions.com\/index.php\/accueil\/les-animaux-sauvages\/\"]}]},{\"@type\":\"ImageObject\",\"inLanguage\":\"en-US\",\"@id\":\"https:\/\/maguel-one-editions.com\/index.php\/accueil\/les-animaux-sauvages\/#primaryimage\",\"url\":\"https:\/\/maguel-one-editions.com\/wp-content\/uploads\/2024\/09\/2-1.jpg\",\"contentUrl\":\"https:\/\/maguel-one-editions.com\/wp-content\/uploads\/2024\/09\/2-1.jpg\",\"width\":1000,\"height\":1000},{\"@type\":\"BreadcrumbList\",\"@id\":\"https:\/\/maguel-one-editions.com\/index.php\/accueil\/les-animaux-sauvages\/#breadcrumb\",\"itemListElement\":[{\"@type\":\"ListItem\",\"position\":1,\"name\":\"Accueil\",\"item\":\"https:\/\/maguel-one-editions.com\/\"},{\"@type\":\"ListItem\",\"position\":2,\"name\":\"Nos Livres\",\"item\":\"https:\/\/maguel-one-editions.com\/\"},{\"@type\":\"ListItem\",\"position\":3,\"name\":\"Les Animaux Sauvages\"}]},{\"@type\":\"WebSite\",\"@id\":\"https:\/\/maguel-one-editions.com\/#website\",\"url\":\"https:\/\/maguel-one-editions.com\/\",\"name\":\"Maguel One Editions\",\"description\":\"\",\"publisher\":{\"@id\":\"https:\/\/maguel-one-editions.com\/#organization\"},\"potentialAction\":[{\"@type\":\"SearchAction\",\"target\":{\"@type\":\"EntryPoint\",\"urlTemplate\":\"https:\/\/maguel-one-editions.com\/?s={search_term_string}\"},\"query-input\":{\"@type\":\"PropertyValueSpecification\",\"valueRequired\":true,\"valueName\":\"search_term_string\"}}],\"inLanguage\":\"en-US\"},{\"@type\":\"Organization\",\"@id\":\"https:\/\/maguel-one-editions.com\/#organization\",\"name\":\"Maguel One Editions\",\"url\":\"https:\/\/maguel-one-editions.com\/\",\"logo\":{\"@type\":\"ImageObject\",\"inLanguage\":\"en-US\",\"@id\":\"https:\/\/maguel-one-editions.com\/#\/schema\/logo\/image\/\",\"url\":\"https:\/\/maguel-one-editions.com\/wp-content\/uploads\/2024\/09\/cropped-cropped-LOGO-MOE.png\",\"contentUrl\":\"https:\/\/maguel-one-editions.com\/wp-content\/uploads\/2024\/09\/cropped-cropped-LOGO-MOE.png\",\"width\":252,\"height\":100,\"caption\":\"Maguel One Editions\"},\"image\":{\"@id\":\"https:\/\/maguel-one-editions.com\/#\/schema\/logo\/image\/\"}}]}<\/script>\n<!-- \/ Yoast SEO plugin. -->","yoast_head_json":{"title":"Les Animaux Sauvages - Maguel One Editions","robots":{"index":"index","follow":"follow","max-snippet":"max-snippet:-1","max-image-preview":"max-image-preview:large","max-video-preview":"max-video-preview:-1"},"canonical":"https:\/\/maguel-one-editions.com\/index.php\/accueil\/les-animaux-sauvages\/","og_locale":"en_US","og_type":"article","og_title":"Les Animaux Sauvages - Maguel One Editions","og_description":"Pr\u00e9pare-toi \u00e0 un safari inoubliable ! Dans ce livre, tu vas explorer les habitats fascinants des animaux sauvages, des majestueux lions aux malicieux singes. \u00c9coute leurs cris gr\u00e2ce aux extraits audio et d\u00e9couvre des anecdotes surprenantes sur leur vie quotidienne. Mais ce n\u2019est pas tout ! Avec le livret de coloriages, tu pourras laisser libre &hellip; Read more \"Les Animaux Sauvages\"","og_url":"https:\/\/maguel-one-editions.com\/index.php\/accueil\/les-animaux-sauvages\/","og_site_name":"Maguel One Editions","article_modified_time":"2024-09-11T13:05:42+00:00","og_image":[{"width":1000,"height":1000,"url":"http:\/\/maguel-one-editions.com\/wp-content\/uploads\/2024\/09\/2-1.jpg","type":"image\/jpeg"}],"twitter_card":"summary_large_image","twitter_misc":{"Est. reading time":"1 minute"},"schema":{"@context":"https:\/\/schema.org","@graph":[{"@type":"WebPage","@id":"https:\/\/maguel-one-editions.com\/index.php\/accueil\/les-animaux-sauvages\/","url":"https:\/\/maguel-one-editions.com\/index.php\/accueil\/les-animaux-sauvages\/","name":"Les Animaux Sauvages - Maguel One Editions","isPartOf":{"@id":"https:\/\/maguel-one-editions.com\/#website"},"primaryImageOfPage":{"@id":"https:\/\/maguel-one-editions.com\/index.php\/accueil\/les-animaux-sauvages\/#primaryimage"},"image":{"@id":"https:\/\/maguel-one-editions.com\/index.php\/accueil\/les-animaux-sauvages\/#primaryimage"},"thumbnailUrl":"https:\/\/maguel-one-editions.com\/wp-content\/uploads\/2024\/09\/2-1.jpg","datePublished":"2024-09-09T10:19:18+00:00","dateModified":"2024-09-11T13:05:42+00:00","breadcrumb":{"@id":"https:\/\/maguel-one-editions.com\/index.php\/accueil\/les-animaux-sauvages\/#breadcrumb"},"inLanguage":"en-US","potentialAction":[{"@type":"ReadAction","target":["https:\/\/maguel-one-editions.com\/index.php\/accueil\/les-animaux-sauvages\/"]}]},{"@type":"ImageObject","inLanguage":"en-US","@id":"https:\/\/maguel-one-editions.com\/index.php\/accueil\/les-animaux-sauvages\/#primaryimage","url":"https:\/\/maguel-one-editions.com\/wp-content\/uploads\/2024\/09\/2-1.jpg","contentUrl":"https:\/\/maguel-one-editions.com\/wp-content\/uploads\/2024\/09\/2-1.jpg","width":1000,"height":1000},{"@type":"BreadcrumbList","@id":"https:\/\/maguel-one-editions.com\/index.php\/accueil\/les-animaux-sauvages\/#breadcrumb","itemListElement":[{"@type":"ListItem","position":1,"name":"Accueil","item":"https:\/\/maguel-one-editions.com\/"},{"@type":"ListItem","position":2,"name":"Nos Livres","item":"https:\/\/maguel-one-editions.com\/"},{"@type":"ListItem","position":3,"name":"Les Animaux Sauvages"}]},{"@type":"WebSite","@id":"https:\/\/maguel-one-editions.com\/#website","url":"https:\/\/maguel-one-editions.com\/","name":"Maguel One Editions","description":"","publisher":{"@id":"https:\/\/maguel-one-editions.com\/#organization"},"potentialAction":[{"@type":"SearchAction","target":{"@type":"EntryPoint","urlTemplate":"https:\/\/maguel-one-editions.com\/?s={search_term_string}"},"query-input":{"@type":"PropertyValueSpecification","valueRequired":true,"valueName":"search_term_string"}}],"inLanguage":"en-US"},{"@type":"Organization","@id":"https:\/\/maguel-one-editions.com\/#organization","name":"Maguel One Editions","url":"https:\/\/maguel-one-editions.com\/","logo":{"@type":"ImageObject","inLanguage":"en-US","@id":"https:\/\/maguel-one-editions.com\/#\/schema\/logo\/image\/","url":"https:\/\/maguel-one-editions.com\/wp-content\/uploads\/2024\/09\/cropped-cropped-LOGO-MOE.png","contentUrl":"https:\/\/maguel-one-editions.com\/wp-content\/uploads\/2024\/09\/cropped-cropped-LOGO-MOE.png","width":252,"height":100,"caption":"Maguel One Editions"},"image":{"@id":"https:\/\/maguel-one-editions.com\/#\/schema\/logo\/image\/"}}]}},"_links":{"self":[{"href":"https:\/\/maguel-one-editions.com\/index.php\/wp-json\/wp\/v2\/pages\/35","targetHints":{"allow":["GET"]}}],"collection":[{"href":"https:\/\/maguel-one-editions.com\/index.php\/wp-json\/wp\/v2\/pages"}],"about":[{"href":"https:\/\/maguel-one-editions.com\/index.php\/wp-json\/wp\/v2\/types\/page"}],"author":[{"embeddable":true,"href":"https:\/\/maguel-one-editions.com\/index.php\/wp-json\/wp\/v2\/users\/1"}],"replies":[{"embeddable":true,"href":"https:\/\/maguel-one-editions.com\/index.php\/wp-json\/wp\/v2\/comments?post=35"}],"version-history":[{"count":17,"href":"https:\/\/maguel-one-editions.com\/index.php\/wp-json\/wp\/v2\/pages\/35\/revisions"}],"predecessor-version":[{"id":189,"href":"https:\/\/maguel-one-editions.com\/index.php\/wp-json\/wp\/v2\/pages\/35\/revisions\/189"}],"up":[{"embeddable":true,"href":"https:\/\/maguel-one-editions.com\/index.php\/wp-json\/wp\/v2\/pages\/63"}],"wp:featuredmedia":[{"embeddable":true,"href":"https:\/\/maguel-one-editions.com\/index.php\/wp-json\/wp\/v2\/media\/40"}],"wp:attachment":[{"href":"https:\/\/maguel-one-editions.com\/index.php\/wp-json\/wp\/v2\/media?parent=35"}],"curies":[{"name":"wp","href":"https:\/\/api.w.org\/{rel}","templated":true}]}}